{"id":6645,"date":"2025-09-04T17:37:43","date_gmt":"2025-09-04T21:37:43","guid":{"rendered":"https:\/\/airex-energy.com\/contact-carbon-credits\/"},"modified":"2025-09-04T18:10:06","modified_gmt":"2025-09-04T22:10:06","slug":"contact-carbon-credits","status":"publish","type":"page","link":"https:\/\/airex-energy.com\/fr\/contact-carbon-credits\/","title":{"rendered":"Contact-carbon-credits"},"content":{"rendered":"\t\t<div data-elementor-type=\"wp-page\" data-elementor-id=\"6645\" class=\"elementor elementor-6645 elementor-6620\" data-elementor-post-type=\"page\">\n\t\t\t\t<div class=\"elementor-element elementor-element-15c67e6 e-flex e-con-boxed e-con e-parent\" data-id=\"15c67e6\" data-element_type=\"container\" data-e-type=\"container\">\n\t\t\t\t\t<div class=\"e-con-inner\">\n\t\t\t\t<div class=\"elementor-element elementor-element-63e979e elementor-widget elementor-widget-heading\" data-id=\"63e979e\" data-element_type=\"widget\" data-e-type=\"widget\" data-widget_type=\"heading.default\">\n\t\t\t\t<div class=\"elementor-widget-container\">\n\t\t\t\t\t<h5 class=\"elementor-heading-title elementor-size-default\">R\u00e9duisez votre empreinte carbone<\/h5>\t\t\t\t<\/div>\n\t\t\t\t<\/div>\n\t\t\t\t<div class=\"elementor-element elementor-element-5ae57bb elementor-widget elementor-widget-heading\" data-id=\"5ae57bb\" data-element_type=\"widget\" data-e-type=\"widget\" data-widget_type=\"heading.default\">\n\t\t\t\t<div class=\"elementor-widget-container\">\n\t\t\t\t\t<h1 class=\"elementor-heading-title elementor-size-default\">Achetez des cr\u00e9dits carbone certifi\u00e9s avec tra\u00e7abilit\u00e9<\/h1>\t\t\t\t<\/div>\n\t\t\t\t<\/div>\n\t\t\t\t<div class=\"elementor-element elementor-element-21b40d0 elementor-widget elementor-widget-heading\" data-id=\"21b40d0\" data-element_type=\"widget\" data-e-type=\"widget\" data-widget_type=\"heading.default\">\n\t\t\t\t<div class=\"elementor-widget-container\">\n\t\t\t\t\t<h5 class=\"elementor-heading-title elementor-size-default\">Remplissez le formulaire ci-dessous pour acheter des cr\u00e9dits CDR premium<\/h5>\t\t\t\t<\/div>\n\t\t\t\t<\/div>\n\t\t\t\t<div class=\"elementor-element elementor-element-baca322 elementor-widget elementor-widget-html\" data-id=\"baca322\" data-element_type=\"widget\" data-e-type=\"widget\" data-widget_type=\"html.default\">\n\t\t\t\t<div class=\"elementor-widget-container\">\n\t\t\t\t\t<script type=\"text\/javascript\" src=\"https:\/\/form.jotform.com\/jsform\/252466807332257\"><\/script>\t\t\t\t<\/div>\n\t\t\t\t<\/div>\n\t\t\t\t\t<\/div>\n\t\t\t\t<\/div>\n\t\t\t\t<\/div>\n\t\t","protected":false},"excerpt":{"rendered":"<p>R\u00e9duisez votre empreinte carbone Achetez des cr\u00e9dits carbone certifi\u00e9s avec tra\u00e7abilit\u00e9 Remplissez le formulaire ci-dessous pour acheter des cr\u00e9dits CDR premium<\/p>\n","protected":false},"author":12,"featured_media":0,"parent":0,"menu_order":0,"comment_status":"closed","ping_status":"closed","template":"page-templates\/template-builder.php","meta":{"_acf_changed":false,"footnotes":""},"class_list":["post-6645","page","type-page","status-publish","hentry"],"acf":[],"yoast_head":"<!-- This site is optimized with the Yoast SEO plugin v27.2 - https:\/\/yoast.com\/product\/yoast-seo-wordpress\/ -->\n<title>Contactez-nous: Cr\u00e9dit Carbone<\/title>\n<meta name=\"description\" content=\"Achetez des cr\u00e9dits carbone pour r\u00e9duire vos \u00e9missions de CO2 \u2013 Remplissez notre formulaire pour faire une diff\u00e9rence d\u00e8s aujourd&#039;hui !\" \/>\n<meta name=\"robots\" content=\"index, follow, max-snippet:-1, max-image-preview:large, max-video-preview:-1\" \/>\n<link rel=\"canonical\" href=\"https:\/\/airex-energy.com\/fr\/contact-carbon-credits\/\" \/>\n<meta property=\"og:locale\" content=\"fr_FR\" \/>\n<meta property=\"og:type\" content=\"article\" \/>\n<meta property=\"og:title\" content=\"Contactez-nous: Cr\u00e9dit Carbone\" \/>\n<meta property=\"og:description\" content=\"Achetez des cr\u00e9dits carbone pour r\u00e9duire vos \u00e9missions de CO2 \u2013 Remplissez notre formulaire pour faire une diff\u00e9rence d\u00e8s aujourd&#039;hui !\" \/>\n<meta property=\"og:url\" content=\"https:\/\/airex-energy.com\/fr\/contact-carbon-credits\/\" \/>\n<meta property=\"og:site_name\" content=\"Airex Energy\" \/>\n<meta property=\"article:modified_time\" content=\"2025-09-04T22:10:06+00:00\" \/>\n<meta property=\"og:image\" content=\"https:\/\/airex-energy.com\/wp-content\/uploads\/2022\/12\/OG-Image.jpg\" \/>\n\t<meta property=\"og:image:width\" content=\"1200\" \/>\n\t<meta property=\"og:image:height\" content=\"630\" \/>\n\t<meta property=\"og:image:type\" content=\"image\/jpeg\" \/>\n<meta name=\"twitter:card\" content=\"summary_large_image\" \/>\n<script type=\"application\/ld+json\" class=\"yoast-schema-graph\">{\"@context\":\"https:\/\/schema.org\",\"@graph\":[{\"@type\":\"WebPage\",\"@id\":\"https:\/\/airex-energy.com\/fr\/contact-carbon-credits\/\",\"url\":\"https:\/\/airex-energy.com\/fr\/contact-carbon-credits\/\",\"name\":\"Contactez-nous: Cr\u00e9dit Carbone\",\"isPartOf\":{\"@id\":\"https:\/\/airex-energy.com\/fr\/#website\"},\"datePublished\":\"2025-09-04T21:37:43+00:00\",\"dateModified\":\"2025-09-04T22:10:06+00:00\",\"description\":\"Achetez des cr\u00e9dits carbone pour r\u00e9duire vos \u00e9missions de CO2 \u2013 Remplissez notre formulaire pour faire une diff\u00e9rence d\u00e8s aujourd'hui !\",\"breadcrumb\":{\"@id\":\"https:\/\/airex-energy.com\/fr\/contact-carbon-credits\/#breadcrumb\"},\"inLanguage\":\"fr-FR\",\"potentialAction\":[{\"@type\":\"ReadAction\",\"target\":[\"https:\/\/airex-energy.com\/fr\/contact-carbon-credits\/\"]}]},{\"@type\":\"BreadcrumbList\",\"@id\":\"https:\/\/airex-energy.com\/fr\/contact-carbon-credits\/#breadcrumb\",\"itemListElement\":[{\"@type\":\"ListItem\",\"position\":1,\"name\":\"Home\",\"item\":\"https:\/\/airex-energy.com\/fr\/\"},{\"@type\":\"ListItem\",\"position\":2,\"name\":\"Contact-carbon-credits\"}]},{\"@type\":\"WebSite\",\"@id\":\"https:\/\/airex-energy.com\/fr\/#website\",\"url\":\"https:\/\/airex-energy.com\/fr\/\",\"name\":\"Airex Energy\",\"description\":\"\",\"publisher\":{\"@id\":\"https:\/\/airex-energy.com\/fr\/#organization\"},\"potentialAction\":[{\"@type\":\"SearchAction\",\"target\":{\"@type\":\"EntryPoint\",\"urlTemplate\":\"https:\/\/airex-energy.com\/fr\/?s={search_term_string}\"},\"query-input\":{\"@type\":\"PropertyValueSpecification\",\"valueRequired\":true,\"valueName\":\"search_term_string\"}}],\"inLanguage\":\"fr-FR\"},{\"@type\":\"Organization\",\"@id\":\"https:\/\/airex-energy.com\/fr\/#organization\",\"name\":\"Airex Energy\",\"url\":\"https:\/\/airex-energy.com\/fr\/\",\"logo\":{\"@type\":\"ImageObject\",\"inLanguage\":\"fr-FR\",\"@id\":\"https:\/\/airex-energy.com\/fr\/#\/schema\/logo\/image\/\",\"url\":\"https:\/\/airex-energy.com\/wp-content\/uploads\/2023\/06\/LOGO_Airex_WhiteBG.svg\",\"contentUrl\":\"https:\/\/airex-energy.com\/wp-content\/uploads\/2023\/06\/LOGO_Airex_WhiteBG.svg\",\"width\":1,\"height\":1,\"caption\":\"Airex Energy\"},\"image\":{\"@id\":\"https:\/\/airex-energy.com\/fr\/#\/schema\/logo\/image\/\"},\"sameAs\":[\"https:\/\/ca.linkedin.com\/company\/airex-energy\"]}]}<\/script>\n<!-- \/ Yoast SEO plugin. -->","yoast_head_json":{"title":"Contactez-nous: Cr\u00e9dit Carbone","description":"Achetez des cr\u00e9dits carbone pour r\u00e9duire vos \u00e9missions de CO2 \u2013 Remplissez notre formulaire pour faire une diff\u00e9rence d\u00e8s aujourd'hui !","robots":{"index":"index","follow":"follow","max-snippet":"max-snippet:-1","max-image-preview":"max-image-preview:large","max-video-preview":"max-video-preview:-1"},"canonical":"https:\/\/airex-energy.com\/fr\/contact-carbon-credits\/","og_locale":"fr_FR","og_type":"article","og_title":"Contactez-nous: Cr\u00e9dit Carbone","og_description":"Achetez des cr\u00e9dits carbone pour r\u00e9duire vos \u00e9missions de CO2 \u2013 Remplissez notre formulaire pour faire une diff\u00e9rence d\u00e8s aujourd'hui !","og_url":"https:\/\/airex-energy.com\/fr\/contact-carbon-credits\/","og_site_name":"Airex Energy","article_modified_time":"2025-09-04T22:10:06+00:00","og_image":[{"width":1200,"height":630,"url":"https:\/\/airex-energy.com\/wp-content\/uploads\/2022\/12\/OG-Image.jpg","type":"image\/jpeg"}],"twitter_card":"summary_large_image","schema":{"@context":"https:\/\/schema.org","@graph":[{"@type":"WebPage","@id":"https:\/\/airex-energy.com\/fr\/contact-carbon-credits\/","url":"https:\/\/airex-energy.com\/fr\/contact-carbon-credits\/","name":"Contactez-nous: Cr\u00e9dit Carbone","isPartOf":{"@id":"https:\/\/airex-energy.com\/fr\/#website"},"datePublished":"2025-09-04T21:37:43+00:00","dateModified":"2025-09-04T22:10:06+00:00","description":"Achetez des cr\u00e9dits carbone pour r\u00e9duire vos \u00e9missions de CO2 \u2013 Remplissez notre formulaire pour faire une diff\u00e9rence d\u00e8s aujourd'hui !","breadcrumb":{"@id":"https:\/\/airex-energy.com\/fr\/contact-carbon-credits\/#breadcrumb"},"inLanguage":"fr-FR","potentialAction":[{"@type":"ReadAction","target":["https:\/\/airex-energy.com\/fr\/contact-carbon-credits\/"]}]},{"@type":"BreadcrumbList","@id":"https:\/\/airex-energy.com\/fr\/contact-carbon-credits\/#breadcrumb","itemListElement":[{"@type":"ListItem","position":1,"name":"Home","item":"https:\/\/airex-energy.com\/fr\/"},{"@type":"ListItem","position":2,"name":"Contact-carbon-credits"}]},{"@type":"WebSite","@id":"https:\/\/airex-energy.com\/fr\/#website","url":"https:\/\/airex-energy.com\/fr\/","name":"Airex Energy","description":"","publisher":{"@id":"https:\/\/airex-energy.com\/fr\/#organization"},"potentialAction":[{"@type":"SearchAction","target":{"@type":"EntryPoint","urlTemplate":"https:\/\/airex-energy.com\/fr\/?s={search_term_string}"},"query-input":{"@type":"PropertyValueSpecification","valueRequired":true,"valueName":"search_term_string"}}],"inLanguage":"fr-FR"},{"@type":"Organization","@id":"https:\/\/airex-energy.com\/fr\/#organization","name":"Airex Energy","url":"https:\/\/airex-energy.com\/fr\/","logo":{"@type":"ImageObject","inLanguage":"fr-FR","@id":"https:\/\/airex-energy.com\/fr\/#\/schema\/logo\/image\/","url":"https:\/\/airex-energy.com\/wp-content\/uploads\/2023\/06\/LOGO_Airex_WhiteBG.svg","contentUrl":"https:\/\/airex-energy.com\/wp-content\/uploads\/2023\/06\/LOGO_Airex_WhiteBG.svg","width":1,"height":1,"caption":"Airex Energy"},"image":{"@id":"https:\/\/airex-energy.com\/fr\/#\/schema\/logo\/image\/"},"sameAs":["https:\/\/ca.linkedin.com\/company\/airex-energy"]}]}},"_links":{"self":[{"href":"https:\/\/airex-energy.com\/fr\/wp-json\/wp\/v2\/pages\/6645","targetHints":{"allow":["GET"]}}],"collection":[{"href":"https:\/\/airex-energy.com\/fr\/wp-json\/wp\/v2\/pages"}],"about":[{"href":"https:\/\/airex-energy.com\/fr\/wp-json\/wp\/v2\/types\/page"}],"author":[{"embeddable":true,"href":"https:\/\/airex-energy.com\/fr\/wp-json\/wp\/v2\/users\/12"}],"replies":[{"embeddable":true,"href":"https:\/\/airex-energy.com\/fr\/wp-json\/wp\/v2\/comments?post=6645"}],"version-history":[{"count":7,"href":"https:\/\/airex-energy.com\/fr\/wp-json\/wp\/v2\/pages\/6645\/revisions"}],"predecessor-version":[{"id":6653,"href":"https:\/\/airex-energy.com\/fr\/wp-json\/wp\/v2\/pages\/6645\/revisions\/6653"}],"wp:attachment":[{"href":"https:\/\/airex-energy.com\/fr\/wp-json\/wp\/v2\/media?parent=6645"}],"curies":[{"name":"wp","href":"https:\/\/api.w.org\/{rel}","templated":true}]}}