{"id":5403,"date":"2025-04-24T08:50:28","date_gmt":"2025-04-24T12:50:28","guid":{"rendered":"https:\/\/airex-energy.com\/pilot-scale-testing-services-request-form\/"},"modified":"2025-04-24T10:08:57","modified_gmt":"2025-04-24T14:08:57","slug":"pilot-scale-testing-services-request-form","status":"publish","type":"page","link":"https:\/\/airex-energy.com\/fr\/pilot-scale-testing-services-request-form\/","title":{"rendered":"Demande de test pilote"},"content":{"rendered":"\t\t<div data-elementor-type=\"wp-page\" data-elementor-id=\"5403\" class=\"elementor elementor-5403 elementor-5385\" data-elementor-post-type=\"page\">\n\t\t\t\t<div class=\"elementor-element elementor-element-78f510f e-flex e-con-boxed e-con e-parent\" data-id=\"78f510f\" data-element_type=\"container\" data-e-type=\"container\">\n\t\t\t\t\t<div class=\"e-con-inner\">\n\t\t<div class=\"elementor-element elementor-element-2e9478b e-con-full e-flex e-con e-child\" data-id=\"2e9478b\" data-element_type=\"container\" data-e-type=\"container\" data-settings=\"{&quot;background_background&quot;:&quot;classic&quot;}\">\n\t\t\t\t<div class=\"elementor-element elementor-element-3e2dccd elementor-widget elementor-widget-heading\" data-id=\"3e2dccd\" data-element_type=\"widget\" data-e-type=\"widget\" data-widget_type=\"heading.default\">\n\t\t\t\t<div class=\"elementor-widget-container\">\n\t\t\t\t\t<h3 class=\"elementor-heading-title elementor-size-default\">Demande de test pilote<\/h3>\t\t\t\t<\/div>\n\t\t\t\t<\/div>\n\t\t\t\t<\/div>\n\t\t<div class=\"elementor-element elementor-element-bb57e6e e-con-full e-flex e-con e-child\" data-id=\"bb57e6e\" data-element_type=\"container\" data-e-type=\"container\" data-settings=\"{&quot;background_background&quot;:&quot;classic&quot;}\">\n\t\t\t\t<div class=\"elementor-element elementor-element-e8e0d54 elementor-widget elementor-widget-image\" data-id=\"e8e0d54\" data-element_type=\"widget\" data-e-type=\"widget\" data-widget_type=\"image.default\">\n\t\t\t\t<div class=\"elementor-widget-container\">\n\t\t\t\t\t\t\t\t\t\t\t\t\t\t\t<img decoding=\"async\" src=\"https:\/\/airex-energy.com\/wp-content\/uploads\/elementor\/thumbs\/Request-form-image-1-r4txfubwica4c7obomriaq1ugtkawums0qtdkllqm8.png\" title=\"Request form image (1)\" alt=\"Request form image (1)\" loading=\"lazy\" \/>\t\t\t\t\t\t\t\t\t\t\t\t\t\t\t<\/div>\n\t\t\t\t<\/div>\n\t\t\t\t<\/div>\n\t\t\t\t\t<\/div>\n\t\t\t\t<\/div>\n\t\t<div class=\"elementor-element elementor-element-129d68c e-flex e-con-boxed e-con e-parent\" data-id=\"129d68c\" data-element_type=\"container\" data-e-type=\"container\">\n\t\t\t\t\t<div class=\"e-con-inner\">\n\t\t\t\t<div class=\"elementor-element elementor-element-17ca10e elementor-widget elementor-widget-heading\" data-id=\"17ca10e\" data-element_type=\"widget\" data-e-type=\"widget\" data-widget_type=\"heading.default\">\n\t\t\t\t<div class=\"elementor-widget-container\">\n\t\t\t\t\t<h2 class=\"elementor-heading-title elementor-size-default\">D\u00e9couvrez le potentiel de votre mati\u00e8re premi\u00e8re en la testant avec notre technologie brevet\u00e9e, CarbonFX, \u00e0 l'\u00e9chelle pilote, qui transforme vos mat\u00e9riaux en biocharbon, biochar ou biocarbone de premi\u00e8re qualit\u00e9.<br><br>Notre \u00e9quipe d'experts est engag\u00e9e \u00e0 fournir des tests et des analyses personnalis\u00e9s pour r\u00e9pondre \u00e0 vos besoins sp\u00e9cifiques. Soumettez le formulaire ci-dessous:<\/h2>\t\t\t\t<\/div>\n\t\t\t\t<\/div>\n\t\t\t\t<div class=\"elementor-element elementor-element-9797ad0 elementor-widget elementor-widget-html\" data-id=\"9797ad0\" data-element_type=\"widget\" data-e-type=\"widget\" data-widget_type=\"html.default\">\n\t\t\t\t<div class=\"elementor-widget-container\">\n\t\t\t\t\t<script type=\"text\/javascript\" src=\"https:\/\/form.jotform.com\/jsform\/251005602786251\"><\/script>\t\t\t\t<\/div>\n\t\t\t\t<\/div>\n\t\t\t\t\t<\/div>\n\t\t\t\t<\/div>\n\t\t\t\t<\/div>\n\t\t","protected":false},"excerpt":{"rendered":"<p>Demande de test pilote D\u00e9couvrez le potentiel de votre mati\u00e8re premi\u00e8re en la testant avec notre technologie brevet\u00e9e, CarbonFX, \u00e0 l&rsquo;\u00e9chelle pilote, qui transforme vos mat\u00e9riaux en biocharbon, biochar ou biocarbone de premi\u00e8re qualit\u00e9. Notre \u00e9quipe d&rsquo;experts est engag\u00e9e \u00e0 fournir des tests et des analyses personnalis\u00e9s pour r\u00e9pondre \u00e0 vos besoins sp\u00e9cifiques. Soumettez le [&hellip;]<\/p>\n","protected":false},"author":12,"featured_media":0,"parent":0,"menu_order":0,"comment_status":"closed","ping_status":"closed","template":"page-templates\/template-builder.php","meta":{"_acf_changed":false,"footnotes":""},"class_list":["post-5403","page","type-page","status-publish","hentry"],"acf":[],"yoast_head":"<!-- This site is optimized with the Yoast SEO plugin v27.2 - https:\/\/yoast.com\/product\/yoast-seo-wordpress\/ -->\n<title>Demande de test pilote - Airex Energy<\/title>\n<meta name=\"description\" content=\"D\u00e9courvrez le potentiel de votre mati\u00e8re premi\u00e8re en la testant avec notre technologie CarbonFX \u00e0 l&#039;\u00e9chelle pilote. Soumettez votre demande.\" \/>\n<meta name=\"robots\" content=\"index, follow, max-snippet:-1, max-image-preview:large, max-video-preview:-1\" \/>\n<link rel=\"canonical\" href=\"https:\/\/airex-energy.com\/fr\/pilot-scale-testing-services-request-form\/\" \/>\n<meta property=\"og:locale\" content=\"fr_FR\" \/>\n<meta property=\"og:type\" content=\"article\" \/>\n<meta property=\"og:title\" content=\"Demande de test pilote - Airex Energy\" \/>\n<meta property=\"og:description\" content=\"D\u00e9courvrez le potentiel de votre mati\u00e8re premi\u00e8re en la testant avec notre technologie CarbonFX \u00e0 l&#039;\u00e9chelle pilote. Soumettez votre demande.\" \/>\n<meta property=\"og:url\" content=\"https:\/\/airex-energy.com\/fr\/pilot-scale-testing-services-request-form\/\" \/>\n<meta property=\"og:site_name\" content=\"Airex Energy\" \/>\n<meta property=\"article:modified_time\" content=\"2025-04-24T14:08:57+00:00\" \/>\n<meta property=\"og:image\" content=\"https:\/\/airex-energy.com\/wp-content\/uploads\/elementor\/thumbs\/Request-form-image-1-r4txfubwica4c7obomriaq1ugtkawums0qtdb68lc0.png\" \/>\n<meta name=\"twitter:card\" content=\"summary_large_image\" \/>\n<script type=\"application\/ld+json\" class=\"yoast-schema-graph\">{\"@context\":\"https:\/\/schema.org\",\"@graph\":[{\"@type\":\"WebPage\",\"@id\":\"https:\/\/airex-energy.com\/fr\/pilot-scale-testing-services-request-form\/\",\"url\":\"https:\/\/airex-energy.com\/fr\/pilot-scale-testing-services-request-form\/\",\"name\":\"Demande de test pilote - Airex Energy\",\"isPartOf\":{\"@id\":\"https:\/\/airex-energy.com\/fr\/#website\"},\"primaryImageOfPage\":{\"@id\":\"https:\/\/airex-energy.com\/fr\/pilot-scale-testing-services-request-form\/#primaryimage\"},\"image\":{\"@id\":\"https:\/\/airex-energy.com\/fr\/pilot-scale-testing-services-request-form\/#primaryimage\"},\"thumbnailUrl\":\"https:\/\/airex-energy.com\/wp-content\/uploads\/elementor\/thumbs\/Request-form-image-1-r4txfubwica4c7obomriaq1ugtkawums0qtdb68lc0.png\",\"datePublished\":\"2025-04-24T12:50:28+00:00\",\"dateModified\":\"2025-04-24T14:08:57+00:00\",\"description\":\"D\u00e9courvrez le potentiel de votre mati\u00e8re premi\u00e8re en la testant avec notre technologie CarbonFX \u00e0 l'\u00e9chelle pilote. Soumettez votre demande.\",\"breadcrumb\":{\"@id\":\"https:\/\/airex-energy.com\/fr\/pilot-scale-testing-services-request-form\/#breadcrumb\"},\"inLanguage\":\"fr-FR\",\"potentialAction\":[{\"@type\":\"ReadAction\",\"target\":[\"https:\/\/airex-energy.com\/fr\/pilot-scale-testing-services-request-form\/\"]}]},{\"@type\":\"ImageObject\",\"inLanguage\":\"fr-FR\",\"@id\":\"https:\/\/airex-energy.com\/fr\/pilot-scale-testing-services-request-form\/#primaryimage\",\"url\":\"https:\/\/airex-energy.com\/wp-content\/uploads\/elementor\/thumbs\/Request-form-image-1-r4txfubwica4c7obomriaq1ugtkawums0qtdb68lc0.png\",\"contentUrl\":\"https:\/\/airex-energy.com\/wp-content\/uploads\/elementor\/thumbs\/Request-form-image-1-r4txfubwica4c7obomriaq1ugtkawums0qtdb68lc0.png\"},{\"@type\":\"BreadcrumbList\",\"@id\":\"https:\/\/airex-energy.com\/fr\/pilot-scale-testing-services-request-form\/#breadcrumb\",\"itemListElement\":[{\"@type\":\"ListItem\",\"position\":1,\"name\":\"Home\",\"item\":\"https:\/\/airex-energy.com\/fr\/\"},{\"@type\":\"ListItem\",\"position\":2,\"name\":\"Demande de test pilote\"}]},{\"@type\":\"WebSite\",\"@id\":\"https:\/\/airex-energy.com\/fr\/#website\",\"url\":\"https:\/\/airex-energy.com\/fr\/\",\"name\":\"Airex Energy\",\"description\":\"\",\"publisher\":{\"@id\":\"https:\/\/airex-energy.com\/fr\/#organization\"},\"potentialAction\":[{\"@type\":\"SearchAction\",\"target\":{\"@type\":\"EntryPoint\",\"urlTemplate\":\"https:\/\/airex-energy.com\/fr\/?s={search_term_string}\"},\"query-input\":{\"@type\":\"PropertyValueSpecification\",\"valueRequired\":true,\"valueName\":\"search_term_string\"}}],\"inLanguage\":\"fr-FR\"},{\"@type\":\"Organization\",\"@id\":\"https:\/\/airex-energy.com\/fr\/#organization\",\"name\":\"Airex Energy\",\"url\":\"https:\/\/airex-energy.com\/fr\/\",\"logo\":{\"@type\":\"ImageObject\",\"inLanguage\":\"fr-FR\",\"@id\":\"https:\/\/airex-energy.com\/fr\/#\/schema\/logo\/image\/\",\"url\":\"https:\/\/airex-energy.com\/wp-content\/uploads\/2023\/06\/LOGO_Airex_WhiteBG.svg\",\"contentUrl\":\"https:\/\/airex-energy.com\/wp-content\/uploads\/2023\/06\/LOGO_Airex_WhiteBG.svg\",\"width\":1,\"height\":1,\"caption\":\"Airex Energy\"},\"image\":{\"@id\":\"https:\/\/airex-energy.com\/fr\/#\/schema\/logo\/image\/\"},\"sameAs\":[\"https:\/\/ca.linkedin.com\/company\/airex-energy\"]}]}<\/script>\n<!-- \/ Yoast SEO plugin. -->","yoast_head_json":{"title":"Demande de test pilote - Airex Energy","description":"D\u00e9courvrez le potentiel de votre mati\u00e8re premi\u00e8re en la testant avec notre technologie CarbonFX \u00e0 l'\u00e9chelle pilote. Soumettez votre demande.","robots":{"index":"index","follow":"follow","max-snippet":"max-snippet:-1","max-image-preview":"max-image-preview:large","max-video-preview":"max-video-preview:-1"},"canonical":"https:\/\/airex-energy.com\/fr\/pilot-scale-testing-services-request-form\/","og_locale":"fr_FR","og_type":"article","og_title":"Demande de test pilote - Airex Energy","og_description":"D\u00e9courvrez le potentiel de votre mati\u00e8re premi\u00e8re en la testant avec notre technologie CarbonFX \u00e0 l'\u00e9chelle pilote. Soumettez votre demande.","og_url":"https:\/\/airex-energy.com\/fr\/pilot-scale-testing-services-request-form\/","og_site_name":"Airex Energy","article_modified_time":"2025-04-24T14:08:57+00:00","og_image":[{"url":"https:\/\/airex-energy.com\/wp-content\/uploads\/elementor\/thumbs\/Request-form-image-1-r4txfubwica4c7obomriaq1ugtkawums0qtdb68lc0.png","type":"","width":"","height":""}],"twitter_card":"summary_large_image","schema":{"@context":"https:\/\/schema.org","@graph":[{"@type":"WebPage","@id":"https:\/\/airex-energy.com\/fr\/pilot-scale-testing-services-request-form\/","url":"https:\/\/airex-energy.com\/fr\/pilot-scale-testing-services-request-form\/","name":"Demande de test pilote - Airex Energy","isPartOf":{"@id":"https:\/\/airex-energy.com\/fr\/#website"},"primaryImageOfPage":{"@id":"https:\/\/airex-energy.com\/fr\/pilot-scale-testing-services-request-form\/#primaryimage"},"image":{"@id":"https:\/\/airex-energy.com\/fr\/pilot-scale-testing-services-request-form\/#primaryimage"},"thumbnailUrl":"https:\/\/airex-energy.com\/wp-content\/uploads\/elementor\/thumbs\/Request-form-image-1-r4txfubwica4c7obomriaq1ugtkawums0qtdb68lc0.png","datePublished":"2025-04-24T12:50:28+00:00","dateModified":"2025-04-24T14:08:57+00:00","description":"D\u00e9courvrez le potentiel de votre mati\u00e8re premi\u00e8re en la testant avec notre technologie CarbonFX \u00e0 l'\u00e9chelle pilote. Soumettez votre demande.","breadcrumb":{"@id":"https:\/\/airex-energy.com\/fr\/pilot-scale-testing-services-request-form\/#breadcrumb"},"inLanguage":"fr-FR","potentialAction":[{"@type":"ReadAction","target":["https:\/\/airex-energy.com\/fr\/pilot-scale-testing-services-request-form\/"]}]},{"@type":"ImageObject","inLanguage":"fr-FR","@id":"https:\/\/airex-energy.com\/fr\/pilot-scale-testing-services-request-form\/#primaryimage","url":"https:\/\/airex-energy.com\/wp-content\/uploads\/elementor\/thumbs\/Request-form-image-1-r4txfubwica4c7obomriaq1ugtkawums0qtdb68lc0.png","contentUrl":"https:\/\/airex-energy.com\/wp-content\/uploads\/elementor\/thumbs\/Request-form-image-1-r4txfubwica4c7obomriaq1ugtkawums0qtdb68lc0.png"},{"@type":"BreadcrumbList","@id":"https:\/\/airex-energy.com\/fr\/pilot-scale-testing-services-request-form\/#breadcrumb","itemListElement":[{"@type":"ListItem","position":1,"name":"Home","item":"https:\/\/airex-energy.com\/fr\/"},{"@type":"ListItem","position":2,"name":"Demande de test pilote"}]},{"@type":"WebSite","@id":"https:\/\/airex-energy.com\/fr\/#website","url":"https:\/\/airex-energy.com\/fr\/","name":"Airex Energy","description":"","publisher":{"@id":"https:\/\/airex-energy.com\/fr\/#organization"},"potentialAction":[{"@type":"SearchAction","target":{"@type":"EntryPoint","urlTemplate":"https:\/\/airex-energy.com\/fr\/?s={search_term_string}"},"query-input":{"@type":"PropertyValueSpecification","valueRequired":true,"valueName":"search_term_string"}}],"inLanguage":"fr-FR"},{"@type":"Organization","@id":"https:\/\/airex-energy.com\/fr\/#organization","name":"Airex Energy","url":"https:\/\/airex-energy.com\/fr\/","logo":{"@type":"ImageObject","inLanguage":"fr-FR","@id":"https:\/\/airex-energy.com\/fr\/#\/schema\/logo\/image\/","url":"https:\/\/airex-energy.com\/wp-content\/uploads\/2023\/06\/LOGO_Airex_WhiteBG.svg","contentUrl":"https:\/\/airex-energy.com\/wp-content\/uploads\/2023\/06\/LOGO_Airex_WhiteBG.svg","width":1,"height":1,"caption":"Airex Energy"},"image":{"@id":"https:\/\/airex-energy.com\/fr\/#\/schema\/logo\/image\/"},"sameAs":["https:\/\/ca.linkedin.com\/company\/airex-energy"]}]}},"_links":{"self":[{"href":"https:\/\/airex-energy.com\/fr\/wp-json\/wp\/v2\/pages\/5403","targetHints":{"allow":["GET"]}}],"collection":[{"href":"https:\/\/airex-energy.com\/fr\/wp-json\/wp\/v2\/pages"}],"about":[{"href":"https:\/\/airex-energy.com\/fr\/wp-json\/wp\/v2\/types\/page"}],"author":[{"embeddable":true,"href":"https:\/\/airex-energy.com\/fr\/wp-json\/wp\/v2\/users\/12"}],"replies":[{"embeddable":true,"href":"https:\/\/airex-energy.com\/fr\/wp-json\/wp\/v2\/comments?post=5403"}],"version-history":[{"count":7,"href":"https:\/\/airex-energy.com\/fr\/wp-json\/wp\/v2\/pages\/5403\/revisions"}],"predecessor-version":[{"id":5411,"href":"https:\/\/airex-energy.com\/fr\/wp-json\/wp\/v2\/pages\/5403\/revisions\/5411"}],"wp:attachment":[{"href":"https:\/\/airex-energy.com\/fr\/wp-json\/wp\/v2\/media?parent=5403"}],"curies":[{"name":"wp","href":"https:\/\/api.w.org\/{rel}","templated":true}]}}