{"id":5263,"date":"2025-03-14T15:04:24","date_gmt":"2025-03-14T19:04:24","guid":{"rendered":"https:\/\/airex-energy.com\/sbp-becancour\/"},"modified":"2025-04-11T13:43:20","modified_gmt":"2025-04-11T17:43:20","slug":"sbp-becancour","status":"publish","type":"page","link":"https:\/\/airex-energy.com\/fr\/sbp-becancour\/","title":{"rendered":"SBP Becancour"},"content":{"rendered":"\t\t<div data-elementor-type=\"wp-page\" data-elementor-id=\"5263\" class=\"elementor elementor-5263 elementor-5230\" data-elementor-post-type=\"page\">\n\t\t\t\t<div class=\"elementor-element elementor-element-68bf716c e-con-full e-flex e-con e-parent\" data-id=\"68bf716c\" data-element_type=\"container\" data-e-type=\"container\">\n\t\t<div class=\"elementor-element elementor-element-e2196ba e-con-full e-flex e-con e-child\" data-id=\"e2196ba\" data-element_type=\"container\" data-e-type=\"container\">\n\t\t\t\t<div class=\"elementor-element elementor-element-50c422dd elementor-widget__width-initial elementor-widget elementor-widget-heading\" data-id=\"50c422dd\" data-element_type=\"widget\" data-e-type=\"widget\" data-widget_type=\"heading.default\">\n\t\t\t\t<div class=\"elementor-widget-container\">\n\t\t\t\t\t<h1 class=\"elementor-heading-title elementor-size-default\">CERTIFICATION SBP<\/h1>\t\t\t\t<\/div>\n\t\t\t\t<\/div>\n\t\t\t\t<div class=\"elementor-element elementor-element-57a70e8 elementor-widget__width-initial elementor-widget elementor-widget-heading\" data-id=\"57a70e8\" data-element_type=\"widget\" data-e-type=\"widget\" data-widget_type=\"heading.default\">\n\t\t\t\t<div class=\"elementor-widget-container\">\n\t\t\t\t\t<h1 class=\"elementor-heading-title elementor-size-default\">SUSTAINABLE BIOMASS PROGRAM<\/h1>\t\t\t\t<\/div>\n\t\t\t\t<\/div>\n\t\t\t\t<div class=\"elementor-element elementor-element-35d7977a elementor-widget elementor-widget-text-editor\" data-id=\"35d7977a\" data-element_type=\"widget\" data-e-type=\"widget\" data-widget_type=\"text-editor.default\">\n\t\t\t\t<div class=\"elementor-widget-container\">\n\t\t\t\t\t\t\t\t\t<p>Notre usine de biocharbon de B\u00e9cancour, au Canada, est certifi\u00e9e SBP.<\/p>\t\t\t\t\t\t\t\t<\/div>\n\t\t\t\t<\/div>\n\t\t\t\t<div class=\"elementor-element elementor-element-34b3846 elementor-widget elementor-widget-text-editor\" data-id=\"34b3846\" data-element_type=\"widget\" data-e-type=\"widget\" data-widget_type=\"text-editor.default\">\n\t\t\t\t<div class=\"elementor-widget-container\">\n\t\t\t\t\t\t\t\t\t<p><strong>DOCUMENTATION<\/strong>:<\/p><ul><li>Lien vers le rapport de l&rsquo;approvisionnement <a href=\"https:\/\/sbp-cert.org\/certificate-holders\/#5039\">SBR (Supply Base Report)<\/a> sur la certification de la cha\u00eene de contr\u00f4le \u00e9mis par le Programme de biomasse durable (Sustainable Biomass Program &#8211; SBP)<\/li><li><p>Lien vers notre <a href=\"https:\/\/airex-energy.com\/wp-content\/uploads\/2025\/03\/Politique-dapprovisionnement-FR-web.pdf\">politique<\/a> concernant notre engagement \u00e0 mettre en \u0153uvre et \u00e0 maintenir les normes du Sustainable Biomass Program (SBP) et du Programme for the Endorsement of Forest Certification (PEFC) pour l&rsquo;usine de B\u00e9cancour.<\/p><\/li><\/ul>\t\t\t\t\t\t\t\t<\/div>\n\t\t\t\t<\/div>\n\t\t\t\t<\/div>\n\t\t<div class=\"elementor-element elementor-element-4f690cbf e-con-full e-flex e-con e-child\" data-id=\"4f690cbf\" data-element_type=\"container\" data-e-type=\"container\" data-settings=\"{&quot;background_background&quot;:&quot;classic&quot;}\">\n\t\t\t\t<div class=\"elementor-element elementor-element-1316eaf elementor-widget elementor-widget-image\" data-id=\"1316eaf\" data-element_type=\"widget\" data-e-type=\"widget\" data-widget_type=\"image.default\">\n\t\t\t\t<div class=\"elementor-widget-container\">\n\t\t\t\t\t\t\t\t\t\t\t\t\t\t\t<img fetchpriority=\"high\" decoding=\"async\" width=\"1008\" height=\"603\" src=\"https:\/\/airex-energy.com\/wp-content\/uploads\/2025\/03\/Untitled-design-8.png\" class=\"attachment-large size-large wp-image-5240\" alt=\"Becancour Plant SBP certified\" srcset=\"https:\/\/airex-energy.com\/wp-content\/uploads\/2025\/03\/Untitled-design-8.png 1008w, https:\/\/airex-energy.com\/wp-content\/uploads\/2025\/03\/Untitled-design-8-1000x598.png 1000w, https:\/\/airex-energy.com\/wp-content\/uploads\/2025\/03\/Untitled-design-8-500x299.png 500w, https:\/\/airex-energy.com\/wp-content\/uploads\/2025\/03\/Untitled-design-8-768x459.png 768w\" sizes=\"(max-width: 1008px) 100vw, 1008px\" \/>\t\t\t\t\t\t\t\t\t\t\t\t\t\t\t<\/div>\n\t\t\t\t<\/div>\n\t\t\t\t<\/div>\n\t\t\t\t<\/div>\n\t\t\t\t<\/div>\n\t\t","protected":false},"excerpt":{"rendered":"<p>CERTIFICATION SBP SUSTAINABLE BIOMASS PROGRAM Notre usine de biocharbon de B\u00e9cancour, au Canada, est certifi\u00e9e SBP. DOCUMENTATION: Lien vers le rapport de l&rsquo;approvisionnement SBR (Supply Base Report) sur la certification de la cha\u00eene de contr\u00f4le \u00e9mis par le Programme de biomasse durable (Sustainable Biomass Program &#8211; SBP) Lien vers notre politique concernant notre engagement \u00e0 [&hellip;]<\/p>\n","protected":false},"author":12,"featured_media":0,"parent":0,"menu_order":0,"comment_status":"closed","ping_status":"closed","template":"page-templates\/template-builder.php","meta":{"_acf_changed":false,"footnotes":""},"class_list":["post-5263","page","type-page","status-publish","hentry"],"acf":[],"yoast_head":"<!-- This site is optimized with the Yoast SEO plugin v27.2 - https:\/\/yoast.com\/product\/yoast-seo-wordpress\/ -->\n<title>SBP Becancour - Airex Energy<\/title>\n<meta name=\"robots\" content=\"index, follow, max-snippet:-1, max-image-preview:large, max-video-preview:-1\" \/>\n<link rel=\"canonical\" href=\"https:\/\/airex-energy.com\/fr\/sbp-becancour\/\" \/>\n<meta property=\"og:locale\" content=\"fr_FR\" \/>\n<meta property=\"og:type\" content=\"article\" \/>\n<meta property=\"og:title\" content=\"SBP Becancour - Airex Energy\" \/>\n<meta property=\"og:description\" content=\"CERTIFICATION SBP SUSTAINABLE BIOMASS PROGRAM Notre usine de biocharbon de B\u00e9cancour, au Canada, est certifi\u00e9e SBP. DOCUMENTATION: Lien vers le rapport de l&rsquo;approvisionnement SBR (Supply Base Report) sur la certification de la cha\u00eene de contr\u00f4le \u00e9mis par le Programme de biomasse durable (Sustainable Biomass Program &#8211; SBP) Lien vers notre politique concernant notre engagement \u00e0 [&hellip;]\" \/>\n<meta property=\"og:url\" content=\"https:\/\/airex-energy.com\/fr\/sbp-becancour\/\" \/>\n<meta property=\"og:site_name\" content=\"Airex Energy\" \/>\n<meta property=\"article:modified_time\" content=\"2025-04-11T17:43:20+00:00\" \/>\n<meta property=\"og:image\" content=\"https:\/\/airex-energy.com\/wp-content\/uploads\/2025\/03\/Untitled-design-8.png\" \/>\n\t<meta property=\"og:image:width\" content=\"1008\" \/>\n\t<meta property=\"og:image:height\" content=\"603\" \/>\n\t<meta property=\"og:image:type\" content=\"image\/png\" \/>\n<meta name=\"twitter:card\" content=\"summary_large_image\" \/>\n<script type=\"application\/ld+json\" class=\"yoast-schema-graph\">{\"@context\":\"https:\/\/schema.org\",\"@graph\":[{\"@type\":\"WebPage\",\"@id\":\"https:\/\/airex-energy.com\/fr\/sbp-becancour\/\",\"url\":\"https:\/\/airex-energy.com\/fr\/sbp-becancour\/\",\"name\":\"SBP Becancour - Airex Energy\",\"isPartOf\":{\"@id\":\"https:\/\/airex-energy.com\/fr\/#website\"},\"primaryImageOfPage\":{\"@id\":\"https:\/\/airex-energy.com\/fr\/sbp-becancour\/#primaryimage\"},\"image\":{\"@id\":\"https:\/\/airex-energy.com\/fr\/sbp-becancour\/#primaryimage\"},\"thumbnailUrl\":\"https:\/\/airex-energy.com\/wp-content\/uploads\/2025\/03\/Untitled-design-8.png\",\"datePublished\":\"2025-03-14T19:04:24+00:00\",\"dateModified\":\"2025-04-11T17:43:20+00:00\",\"breadcrumb\":{\"@id\":\"https:\/\/airex-energy.com\/fr\/sbp-becancour\/#breadcrumb\"},\"inLanguage\":\"fr-FR\",\"potentialAction\":[{\"@type\":\"ReadAction\",\"target\":[\"https:\/\/airex-energy.com\/fr\/sbp-becancour\/\"]}]},{\"@type\":\"ImageObject\",\"inLanguage\":\"fr-FR\",\"@id\":\"https:\/\/airex-energy.com\/fr\/sbp-becancour\/#primaryimage\",\"url\":\"https:\/\/airex-energy.com\/wp-content\/uploads\/2025\/03\/Untitled-design-8.png\",\"contentUrl\":\"https:\/\/airex-energy.com\/wp-content\/uploads\/2025\/03\/Untitled-design-8.png\"},{\"@type\":\"BreadcrumbList\",\"@id\":\"https:\/\/airex-energy.com\/fr\/sbp-becancour\/#breadcrumb\",\"itemListElement\":[{\"@type\":\"ListItem\",\"position\":1,\"name\":\"Home\",\"item\":\"https:\/\/airex-energy.com\/fr\/\"},{\"@type\":\"ListItem\",\"position\":2,\"name\":\"SBP Becancour\"}]},{\"@type\":\"WebSite\",\"@id\":\"https:\/\/airex-energy.com\/fr\/#website\",\"url\":\"https:\/\/airex-energy.com\/fr\/\",\"name\":\"Airex Energy\",\"description\":\"\",\"publisher\":{\"@id\":\"https:\/\/airex-energy.com\/fr\/#organization\"},\"potentialAction\":[{\"@type\":\"SearchAction\",\"target\":{\"@type\":\"EntryPoint\",\"urlTemplate\":\"https:\/\/airex-energy.com\/fr\/?s={search_term_string}\"},\"query-input\":{\"@type\":\"PropertyValueSpecification\",\"valueRequired\":true,\"valueName\":\"search_term_string\"}}],\"inLanguage\":\"fr-FR\"},{\"@type\":\"Organization\",\"@id\":\"https:\/\/airex-energy.com\/fr\/#organization\",\"name\":\"Airex Energy\",\"url\":\"https:\/\/airex-energy.com\/fr\/\",\"logo\":{\"@type\":\"ImageObject\",\"inLanguage\":\"fr-FR\",\"@id\":\"https:\/\/airex-energy.com\/fr\/#\/schema\/logo\/image\/\",\"url\":\"https:\/\/airex-energy.com\/wp-content\/uploads\/2023\/06\/LOGO_Airex_WhiteBG.svg\",\"contentUrl\":\"https:\/\/airex-energy.com\/wp-content\/uploads\/2023\/06\/LOGO_Airex_WhiteBG.svg\",\"width\":1,\"height\":1,\"caption\":\"Airex Energy\"},\"image\":{\"@id\":\"https:\/\/airex-energy.com\/fr\/#\/schema\/logo\/image\/\"},\"sameAs\":[\"https:\/\/ca.linkedin.com\/company\/airex-energy\"]}]}<\/script>\n<!-- \/ Yoast SEO plugin. -->","yoast_head_json":{"title":"SBP Becancour - Airex Energy","robots":{"index":"index","follow":"follow","max-snippet":"max-snippet:-1","max-image-preview":"max-image-preview:large","max-video-preview":"max-video-preview:-1"},"canonical":"https:\/\/airex-energy.com\/fr\/sbp-becancour\/","og_locale":"fr_FR","og_type":"article","og_title":"SBP Becancour - Airex Energy","og_description":"CERTIFICATION SBP SUSTAINABLE BIOMASS PROGRAM Notre usine de biocharbon de B\u00e9cancour, au Canada, est certifi\u00e9e SBP. DOCUMENTATION: Lien vers le rapport de l&rsquo;approvisionnement SBR (Supply Base Report) sur la certification de la cha\u00eene de contr\u00f4le \u00e9mis par le Programme de biomasse durable (Sustainable Biomass Program &#8211; SBP) Lien vers notre politique concernant notre engagement \u00e0 [&hellip;]","og_url":"https:\/\/airex-energy.com\/fr\/sbp-becancour\/","og_site_name":"Airex Energy","article_modified_time":"2025-04-11T17:43:20+00:00","og_image":[{"width":1008,"height":603,"url":"https:\/\/airex-energy.com\/wp-content\/uploads\/2025\/03\/Untitled-design-8.png","type":"image\/png"}],"twitter_card":"summary_large_image","schema":{"@context":"https:\/\/schema.org","@graph":[{"@type":"WebPage","@id":"https:\/\/airex-energy.com\/fr\/sbp-becancour\/","url":"https:\/\/airex-energy.com\/fr\/sbp-becancour\/","name":"SBP Becancour - Airex Energy","isPartOf":{"@id":"https:\/\/airex-energy.com\/fr\/#website"},"primaryImageOfPage":{"@id":"https:\/\/airex-energy.com\/fr\/sbp-becancour\/#primaryimage"},"image":{"@id":"https:\/\/airex-energy.com\/fr\/sbp-becancour\/#primaryimage"},"thumbnailUrl":"https:\/\/airex-energy.com\/wp-content\/uploads\/2025\/03\/Untitled-design-8.png","datePublished":"2025-03-14T19:04:24+00:00","dateModified":"2025-04-11T17:43:20+00:00","breadcrumb":{"@id":"https:\/\/airex-energy.com\/fr\/sbp-becancour\/#breadcrumb"},"inLanguage":"fr-FR","potentialAction":[{"@type":"ReadAction","target":["https:\/\/airex-energy.com\/fr\/sbp-becancour\/"]}]},{"@type":"ImageObject","inLanguage":"fr-FR","@id":"https:\/\/airex-energy.com\/fr\/sbp-becancour\/#primaryimage","url":"https:\/\/airex-energy.com\/wp-content\/uploads\/2025\/03\/Untitled-design-8.png","contentUrl":"https:\/\/airex-energy.com\/wp-content\/uploads\/2025\/03\/Untitled-design-8.png"},{"@type":"BreadcrumbList","@id":"https:\/\/airex-energy.com\/fr\/sbp-becancour\/#breadcrumb","itemListElement":[{"@type":"ListItem","position":1,"name":"Home","item":"https:\/\/airex-energy.com\/fr\/"},{"@type":"ListItem","position":2,"name":"SBP Becancour"}]},{"@type":"WebSite","@id":"https:\/\/airex-energy.com\/fr\/#website","url":"https:\/\/airex-energy.com\/fr\/","name":"Airex Energy","description":"","publisher":{"@id":"https:\/\/airex-energy.com\/fr\/#organization"},"potentialAction":[{"@type":"SearchAction","target":{"@type":"EntryPoint","urlTemplate":"https:\/\/airex-energy.com\/fr\/?s={search_term_string}"},"query-input":{"@type":"PropertyValueSpecification","valueRequired":true,"valueName":"search_term_string"}}],"inLanguage":"fr-FR"},{"@type":"Organization","@id":"https:\/\/airex-energy.com\/fr\/#organization","name":"Airex Energy","url":"https:\/\/airex-energy.com\/fr\/","logo":{"@type":"ImageObject","inLanguage":"fr-FR","@id":"https:\/\/airex-energy.com\/fr\/#\/schema\/logo\/image\/","url":"https:\/\/airex-energy.com\/wp-content\/uploads\/2023\/06\/LOGO_Airex_WhiteBG.svg","contentUrl":"https:\/\/airex-energy.com\/wp-content\/uploads\/2023\/06\/LOGO_Airex_WhiteBG.svg","width":1,"height":1,"caption":"Airex Energy"},"image":{"@id":"https:\/\/airex-energy.com\/fr\/#\/schema\/logo\/image\/"},"sameAs":["https:\/\/ca.linkedin.com\/company\/airex-energy"]}]}},"_links":{"self":[{"href":"https:\/\/airex-energy.com\/fr\/wp-json\/wp\/v2\/pages\/5263","targetHints":{"allow":["GET"]}}],"collection":[{"href":"https:\/\/airex-energy.com\/fr\/wp-json\/wp\/v2\/pages"}],"about":[{"href":"https:\/\/airex-energy.com\/fr\/wp-json\/wp\/v2\/types\/page"}],"author":[{"embeddable":true,"href":"https:\/\/airex-energy.com\/fr\/wp-json\/wp\/v2\/users\/12"}],"replies":[{"embeddable":true,"href":"https:\/\/airex-energy.com\/fr\/wp-json\/wp\/v2\/comments?post=5263"}],"version-history":[{"count":18,"href":"https:\/\/airex-energy.com\/fr\/wp-json\/wp\/v2\/pages\/5263\/revisions"}],"predecessor-version":[{"id":5369,"href":"https:\/\/airex-energy.com\/fr\/wp-json\/wp\/v2\/pages\/5263\/revisions\/5369"}],"wp:attachment":[{"href":"https:\/\/airex-energy.com\/fr\/wp-json\/wp\/v2\/media?parent=5263"}],"curies":[{"name":"wp","href":"https:\/\/api.w.org\/{rel}","templated":true}]}}