{"id":4549,"date":"2024-02-21T15:54:56","date_gmt":"2024-02-21T20:54:56","guid":{"rendered":"https:\/\/airex-energy.com\/?page_id=4549"},"modified":"2024-02-21T15:58:56","modified_gmt":"2024-02-21T20:58:56","slug":"conditions-dutilisation","status":"publish","type":"page","link":"https:\/\/airex-energy.com\/fr\/conditions-dutilisation\/","title":{"rendered":"Conditions d&rsquo;utilisation"},"content":{"rendered":"<h2>Conditions g\u00e9n\u00e9rales d&rsquo;utilisation<\/h2>\n<p>Les termes et conditions cit\u00e9s ci-dessous ont \u00e9t\u00e9 \u00e9crits dans le but de clarifier l\u2019utilisation du site Web de Airex et de ses propri\u00e9t\u00e9s intellectuelles.<\/p>\n<p>En vous inscrivant, en t\u00e9l\u00e9chargeant, en consultant des donn\u00e9es en continue (streaming) ou en acc\u00e9dant aux \u00e9l\u00e9ments pr\u00e9sents dans le site Web de Airex, en partie ou en entier de l\u2019un ou plusieurs de ses produits ou contenu, vous acceptez de respecter et \u00eates li\u00e9s aux termes et conditions ci-dessous :<\/p>\n<h3>Droits et propri\u00e9t\u00e9s intellectuelles<\/h3>\n<p>Selon les termes suivants, Airex poss\u00e8de tous les droits de propri\u00e9t\u00e9s intellectuelles de ce site Web ainsi que tout le contenu rattach\u00e9. Vous avez un acc\u00e8s limit\u00e9 au visionnement seulement quant au site Web de Airex ainsi qu\u2019\u00e0 son contenu. Vous ne pouvez, en aucun cas, modifier, copier (en partie ou son contenu entier), adapter, transformer ou vous approprier le contenu pr\u00e9sent\u00e9 sur le site Web sans le consentement \u00e9crit de Airex.<\/p>\n<h3>Restrictions<\/h3>\n<p>Il vous est sp\u00e9cifiquement interdit de poser les gestes suivants:<\/p>\n<ul>\n<li>Publier le contenu de Airex et \/ ou mat\u00e9riel sur un quelconque m\u00e9dia et \/ ou une plateforme.<\/li>\n<li>Vous approprier le contenu et \/ ou mat\u00e9riel de Airex afin de l\u2019utiliser \u00e0 des fins de ventes.<\/li>\n<li>Utiliser le contenu et \/ ou mat\u00e9riel de Airex de mani\u00e8re \u00e0 nuire ou causer des dommages \u00e0 Airex.<\/li>\n<li>Utiliser le site de Airex pour extraire, solliciter ou vendre des donn\u00e9es ou informations quelconques.<\/li>\n<li>Utiliser le site de Airex, son contenu et \/ ou son mat\u00e9riel pour r\u00e9aliser une publicit\u00e9.<\/li>\n<li>Utiliser le contenu et \/ ou le mat\u00e9riel pour publier, promouvoir ou le revendre \u00e0 vos propres fins.<\/li>\n<li>Publier vos informations personnelles d\u2019acc\u00e8s au site dans le but de donner acc\u00e8s \u00e0 notre contenu payant \u00e0 d\u2019autres utilisateurs.<\/li>\n<\/ul>\n<h3>Limitation de la responsabilit\u00e9<\/h3>\n<p>Airex n\u2019est pas li\u00e9, en aucun cas, \u00e0 l\u2019utilisation de ses produits ou services. L\u2019utilisation de nos produits ou services par un tiers signifie que celui-ci a pris connaissance des risques associ\u00e9s \u00e0 l\u2019utilisation de nos produits et services et que Airex ne sera responsable en aucun cas des cons\u00e9quences reli\u00e9es ou provenant de l\u2019utilisation de son site Web, produits ou services.<\/p>\n","protected":false},"excerpt":{"rendered":"<p>Conditions g\u00e9n\u00e9rales d&rsquo;utilisation Les termes et conditions cit\u00e9s ci-dessous ont \u00e9t\u00e9 \u00e9crits dans le but de clarifier l\u2019utilisation du site Web de Airex et de ses propri\u00e9t\u00e9s intellectuelles. En vous inscrivant, en t\u00e9l\u00e9chargeant, en consultant des donn\u00e9es en continue (streaming) ou en acc\u00e9dant aux \u00e9l\u00e9ments pr\u00e9sents dans le site Web de Airex, en partie ou [&hellip;]<\/p>\n","protected":false},"author":8,"featured_media":0,"parent":0,"menu_order":0,"comment_status":"closed","ping_status":"closed","template":"page-templates\/template-wysiwyg.php","meta":{"_acf_changed":false,"footnotes":""},"class_list":["post-4549","page","type-page","status-publish","hentry"],"acf":[],"yoast_head":"<!-- This site is optimized with the Yoast SEO plugin v27.2 - https:\/\/yoast.com\/product\/yoast-seo-wordpress\/ -->\n<title>Conditions d&#039;utilisation - Airex Energy<\/title>\n<meta name=\"robots\" content=\"index, follow, max-snippet:-1, max-image-preview:large, max-video-preview:-1\" \/>\n<link rel=\"canonical\" href=\"https:\/\/airex-energy.com\/fr\/conditions-dutilisation\/\" \/>\n<meta property=\"og:locale\" content=\"fr_FR\" \/>\n<meta property=\"og:type\" content=\"article\" \/>\n<meta property=\"og:title\" content=\"Conditions d&#039;utilisation - Airex Energy\" \/>\n<meta property=\"og:description\" content=\"Conditions g\u00e9n\u00e9rales d&rsquo;utilisation Les termes et conditions cit\u00e9s ci-dessous ont \u00e9t\u00e9 \u00e9crits dans le but de clarifier l\u2019utilisation du site Web de Airex et de ses propri\u00e9t\u00e9s intellectuelles. En vous inscrivant, en t\u00e9l\u00e9chargeant, en consultant des donn\u00e9es en continue (streaming) ou en acc\u00e9dant aux \u00e9l\u00e9ments pr\u00e9sents dans le site Web de Airex, en partie ou [&hellip;]\" \/>\n<meta property=\"og:url\" content=\"https:\/\/airex-energy.com\/fr\/conditions-dutilisation\/\" \/>\n<meta property=\"og:site_name\" content=\"Airex Energy\" \/>\n<meta property=\"article:modified_time\" content=\"2024-02-21T20:58:56+00:00\" \/>\n<meta property=\"og:image\" content=\"https:\/\/airex-energy.com\/wp-content\/uploads\/2022\/12\/OG-Image.jpg\" \/>\n\t<meta property=\"og:image:width\" content=\"1200\" \/>\n\t<meta property=\"og:image:height\" content=\"630\" \/>\n\t<meta property=\"og:image:type\" content=\"image\/jpeg\" \/>\n<meta name=\"twitter:card\" content=\"summary_large_image\" \/>\n<script type=\"application\/ld+json\" class=\"yoast-schema-graph\">{\"@context\":\"https:\/\/schema.org\",\"@graph\":[{\"@type\":\"WebPage\",\"@id\":\"https:\/\/airex-energy.com\/fr\/conditions-dutilisation\/\",\"url\":\"https:\/\/airex-energy.com\/fr\/conditions-dutilisation\/\",\"name\":\"Conditions d'utilisation - Airex Energy\",\"isPartOf\":{\"@id\":\"https:\/\/airex-energy.com\/fr\/#website\"},\"datePublished\":\"2024-02-21T20:54:56+00:00\",\"dateModified\":\"2024-02-21T20:58:56+00:00\",\"breadcrumb\":{\"@id\":\"https:\/\/airex-energy.com\/fr\/conditions-dutilisation\/#breadcrumb\"},\"inLanguage\":\"fr-FR\",\"potentialAction\":[{\"@type\":\"ReadAction\",\"target\":[\"https:\/\/airex-energy.com\/fr\/conditions-dutilisation\/\"]}]},{\"@type\":\"BreadcrumbList\",\"@id\":\"https:\/\/airex-energy.com\/fr\/conditions-dutilisation\/#breadcrumb\",\"itemListElement\":[{\"@type\":\"ListItem\",\"position\":1,\"name\":\"Home\",\"item\":\"https:\/\/airex-energy.com\/fr\/\"},{\"@type\":\"ListItem\",\"position\":2,\"name\":\"Conditions d&#8217;utilisation\"}]},{\"@type\":\"WebSite\",\"@id\":\"https:\/\/airex-energy.com\/fr\/#website\",\"url\":\"https:\/\/airex-energy.com\/fr\/\",\"name\":\"Airex Energy\",\"description\":\"\",\"publisher\":{\"@id\":\"https:\/\/airex-energy.com\/fr\/#organization\"},\"potentialAction\":[{\"@type\":\"SearchAction\",\"target\":{\"@type\":\"EntryPoint\",\"urlTemplate\":\"https:\/\/airex-energy.com\/fr\/?s={search_term_string}\"},\"query-input\":{\"@type\":\"PropertyValueSpecification\",\"valueRequired\":true,\"valueName\":\"search_term_string\"}}],\"inLanguage\":\"fr-FR\"},{\"@type\":\"Organization\",\"@id\":\"https:\/\/airex-energy.com\/fr\/#organization\",\"name\":\"Airex Energy\",\"url\":\"https:\/\/airex-energy.com\/fr\/\",\"logo\":{\"@type\":\"ImageObject\",\"inLanguage\":\"fr-FR\",\"@id\":\"https:\/\/airex-energy.com\/fr\/#\/schema\/logo\/image\/\",\"url\":\"https:\/\/airex-energy.com\/wp-content\/uploads\/2023\/06\/LOGO_Airex_WhiteBG.svg\",\"contentUrl\":\"https:\/\/airex-energy.com\/wp-content\/uploads\/2023\/06\/LOGO_Airex_WhiteBG.svg\",\"width\":1,\"height\":1,\"caption\":\"Airex Energy\"},\"image\":{\"@id\":\"https:\/\/airex-energy.com\/fr\/#\/schema\/logo\/image\/\"},\"sameAs\":[\"https:\/\/ca.linkedin.com\/company\/airex-energy\"]}]}<\/script>\n<!-- \/ Yoast SEO plugin. -->","yoast_head_json":{"title":"Conditions d'utilisation - Airex Energy","robots":{"index":"index","follow":"follow","max-snippet":"max-snippet:-1","max-image-preview":"max-image-preview:large","max-video-preview":"max-video-preview:-1"},"canonical":"https:\/\/airex-energy.com\/fr\/conditions-dutilisation\/","og_locale":"fr_FR","og_type":"article","og_title":"Conditions d'utilisation - Airex Energy","og_description":"Conditions g\u00e9n\u00e9rales d&rsquo;utilisation Les termes et conditions cit\u00e9s ci-dessous ont \u00e9t\u00e9 \u00e9crits dans le but de clarifier l\u2019utilisation du site Web de Airex et de ses propri\u00e9t\u00e9s intellectuelles. En vous inscrivant, en t\u00e9l\u00e9chargeant, en consultant des donn\u00e9es en continue (streaming) ou en acc\u00e9dant aux \u00e9l\u00e9ments pr\u00e9sents dans le site Web de Airex, en partie ou [&hellip;]","og_url":"https:\/\/airex-energy.com\/fr\/conditions-dutilisation\/","og_site_name":"Airex Energy","article_modified_time":"2024-02-21T20:58:56+00:00","og_image":[{"width":1200,"height":630,"url":"https:\/\/airex-energy.com\/wp-content\/uploads\/2022\/12\/OG-Image.jpg","type":"image\/jpeg"}],"twitter_card":"summary_large_image","schema":{"@context":"https:\/\/schema.org","@graph":[{"@type":"WebPage","@id":"https:\/\/airex-energy.com\/fr\/conditions-dutilisation\/","url":"https:\/\/airex-energy.com\/fr\/conditions-dutilisation\/","name":"Conditions d'utilisation - Airex Energy","isPartOf":{"@id":"https:\/\/airex-energy.com\/fr\/#website"},"datePublished":"2024-02-21T20:54:56+00:00","dateModified":"2024-02-21T20:58:56+00:00","breadcrumb":{"@id":"https:\/\/airex-energy.com\/fr\/conditions-dutilisation\/#breadcrumb"},"inLanguage":"fr-FR","potentialAction":[{"@type":"ReadAction","target":["https:\/\/airex-energy.com\/fr\/conditions-dutilisation\/"]}]},{"@type":"BreadcrumbList","@id":"https:\/\/airex-energy.com\/fr\/conditions-dutilisation\/#breadcrumb","itemListElement":[{"@type":"ListItem","position":1,"name":"Home","item":"https:\/\/airex-energy.com\/fr\/"},{"@type":"ListItem","position":2,"name":"Conditions d&#8217;utilisation"}]},{"@type":"WebSite","@id":"https:\/\/airex-energy.com\/fr\/#website","url":"https:\/\/airex-energy.com\/fr\/","name":"Airex Energy","description":"","publisher":{"@id":"https:\/\/airex-energy.com\/fr\/#organization"},"potentialAction":[{"@type":"SearchAction","target":{"@type":"EntryPoint","urlTemplate":"https:\/\/airex-energy.com\/fr\/?s={search_term_string}"},"query-input":{"@type":"PropertyValueSpecification","valueRequired":true,"valueName":"search_term_string"}}],"inLanguage":"fr-FR"},{"@type":"Organization","@id":"https:\/\/airex-energy.com\/fr\/#organization","name":"Airex Energy","url":"https:\/\/airex-energy.com\/fr\/","logo":{"@type":"ImageObject","inLanguage":"fr-FR","@id":"https:\/\/airex-energy.com\/fr\/#\/schema\/logo\/image\/","url":"https:\/\/airex-energy.com\/wp-content\/uploads\/2023\/06\/LOGO_Airex_WhiteBG.svg","contentUrl":"https:\/\/airex-energy.com\/wp-content\/uploads\/2023\/06\/LOGO_Airex_WhiteBG.svg","width":1,"height":1,"caption":"Airex Energy"},"image":{"@id":"https:\/\/airex-energy.com\/fr\/#\/schema\/logo\/image\/"},"sameAs":["https:\/\/ca.linkedin.com\/company\/airex-energy"]}]}},"_links":{"self":[{"href":"https:\/\/airex-energy.com\/fr\/wp-json\/wp\/v2\/pages\/4549","targetHints":{"allow":["GET"]}}],"collection":[{"href":"https:\/\/airex-energy.com\/fr\/wp-json\/wp\/v2\/pages"}],"about":[{"href":"https:\/\/airex-energy.com\/fr\/wp-json\/wp\/v2\/types\/page"}],"author":[{"embeddable":true,"href":"https:\/\/airex-energy.com\/fr\/wp-json\/wp\/v2\/users\/8"}],"replies":[{"embeddable":true,"href":"https:\/\/airex-energy.com\/fr\/wp-json\/wp\/v2\/comments?post=4549"}],"version-history":[{"count":3,"href":"https:\/\/airex-energy.com\/fr\/wp-json\/wp\/v2\/pages\/4549\/revisions"}],"predecessor-version":[{"id":4559,"href":"https:\/\/airex-energy.com\/fr\/wp-json\/wp\/v2\/pages\/4549\/revisions\/4559"}],"wp:attachment":[{"href":"https:\/\/airex-energy.com\/fr\/wp-json\/wp\/v2\/media?parent=4549"}],"curies":[{"name":"wp","href":"https:\/\/api.w.org\/{rel}","templated":true}]}}